{"id":1320,"date":"2021-11-21T15:14:41","date_gmt":"2021-11-21T18:14:41","guid":{"rendered":"https:\/\/clinicaslbc.com.br\/index.php\/services\/"},"modified":"2024-05-08T12:09:21","modified_gmt":"2024-05-08T15:09:21","slug":"servicos","status":"publish","type":"page","link":"https:\/\/clinicaslbc.com.br\/index.php\/servicos\/","title":{"rendered":"Servi\u00e7os"},"content":{"rendered":"\t\t<div data-elementor-type=\"wp-page\" data-elementor-id=\"1320\" class=\"elementor elementor-1320\">\n\t\t\t\t\t\t<section class=\"elementor-section elementor-top-section elementor-element elementor-element-91e6b7f elementor-section-boxed elementor-section-height-default elementor-section-height-default\" data-id=\"91e6b7f\" data-element_type=\"section\" data-settings=\"{&quot;background_background&quot;:&quot;classic&quot;}\">\n\t\t\t\t\t\t<div class=\"elementor-container elementor-column-gap-default\">\n\t\t\t\t\t<div class=\"elementor-column elementor-col-100 elementor-top-column elementor-element elementor-element-c0ed735\" data-id=\"c0ed735\" data-element_type=\"column\">\n\t\t\t<div class=\"elementor-widget-wrap\">\n\t\t\t\t\t\t\t<\/div>\n\t\t<\/div>\n\t\t\t\t\t<\/div>\n\t\t<\/section>\n\t\t\t\t<section class=\"elementor-section elementor-top-section elementor-element elementor-element-ba25c20 elementor-section-boxed elementor-section-height-default elementor-section-height-default\" data-id=\"ba25c20\" data-element_type=\"section\" data-settings=\"{&quot;background_background&quot;:&quot;classic&quot;}\">\n\t\t\t\t\t\t\t<div class=\"elementor-background-overlay\"><\/div>\n\t\t\t\t\t\t\t<div class=\"elementor-container elementor-column-gap-custom\">\n\t\t\t\t\t<div class=\"elementor-column elementor-col-100 elementor-top-column elementor-element elementor-element-b24edc1\" data-id=\"b24edc1\" data-element_type=\"column\">\n\t\t\t<div class=\"elementor-widget-wrap elementor-element-populated\">\n\t\t\t\t\t\t<div class=\"elementor-element elementor-element-86f8a7b elementor-widget-mobile__width-initial elementor-widget elementor-widget-text-editor\" data-id=\"86f8a7b\" data-element_type=\"widget\" data-widget_type=\"text-editor.default\">\n\t\t\t\t<div class=\"elementor-widget-container\">\n\t\t\t\t\t\t\t\t\t<h1 class=\"elementor-heading-title elementor-size-default elementor-inline-editing pen\" style=\"font-size: 76px; font-style: normal; margin-bottom: 0px; letter-spacing: -3px; text-align: center;\" data-elementor-setting-key=\"title\" data-pen-placeholder=\"Digite aqui...\">Nossos Servi\u00e7os<\/h1>\t\t\t\t\t\t\t\t<\/div>\n\t\t\t\t<\/div>\n\t\t\t\t\t<\/div>\n\t\t<\/div>\n\t\t\t\t\t<\/div>\n\t\t<\/section>\n\t\t\t\t<section class=\"elementor-section elementor-top-section elementor-element elementor-element-fec6a77 elementor-section-boxed elementor-section-height-default elementor-section-height-default\" data-id=\"fec6a77\" data-element_type=\"section\">\n\t\t\t\t\t\t<div class=\"elementor-container elementor-column-gap-default\">\n\t\t\t\t\t<div class=\"elementor-column elementor-col-100 elementor-top-column elementor-element elementor-element-9028f47\" data-id=\"9028f47\" data-element_type=\"column\">\n\t\t\t<div class=\"elementor-widget-wrap elementor-element-populated\">\n\t\t\t\t\t\t<div class=\"elementor-element elementor-element-af38aef elementor-widget elementor-widget-spacer\" data-id=\"af38aef\" data-element_type=\"widget\" data-widget_type=\"spacer.default\">\n\t\t\t\t<div class=\"elementor-widget-container\">\n\t\t\t\t\t\t\t<div class=\"elementor-spacer\">\n\t\t\t<div class=\"elementor-spacer-inner\"><\/div>\n\t\t<\/div>\n\t\t\t\t\t\t<\/div>\n\t\t\t\t<\/div>\n\t\t\t\t\t<\/div>\n\t\t<\/div>\n\t\t\t\t\t<\/div>\n\t\t<\/section>\n\t\t\t\t<section class=\"elementor-section elementor-top-section elementor-element elementor-element-b17db62 elementor-section-boxed elementor-section-height-default elementor-section-height-default\" data-id=\"b17db62\" data-element_type=\"section\">\n\t\t\t\t\t\t<div class=\"elementor-container elementor-column-gap-default\">\n\t\t\t\t\t<div class=\"elementor-column elementor-col-50 elementor-top-column elementor-element elementor-element-8ce06e7\" data-id=\"8ce06e7\" data-element_type=\"column\">\n\t\t\t<div class=\"elementor-widget-wrap elementor-element-populated\">\n\t\t\t\t\t\t<div class=\"elementor-element elementor-element-b4bcfef elementor-widget elementor-widget-text-editor\" data-id=\"b4bcfef\" data-element_type=\"widget\" data-widget_type=\"text-editor.default\">\n\t\t\t\t<div class=\"elementor-widget-container\">\n\t\t\t\t\t\t\t\t\t<p>\u00a0<\/p><p>\u00a0<\/p><h2 style=\"font-size: 1.76471rem; font-style: normal; margin-bottom: 0px; color: #006f17;\" data-elementor-setting-key=\"title\" data-pen-placeholder=\"Digite aqui...\">Medicina Ocupacional<\/h2><p><strong><span style=\"font-size: 13pt; line-height: 107%; font-family: Karla; color: black; background-image: initial; background-position: initial; background-size: initial; background-repeat: initial; background-attachment: initial; background-origin: initial; background-clip: initial;\">\u00a0<\/span><\/strong><\/p><p><strong><span style=\"font-size: 13pt; line-height: 107%; font-family: Karla; color: black; background-image: initial; background-position: initial; background-size: initial; background-repeat: initial; background-attachment: initial; background-origin: initial; background-clip: initial;\">A Cl\u00ednica S\u00e3o Lucas oferece uma ampla gama de exames ocupacionais em conformidade com a legisla\u00e7\u00e3o vigente, seguindo as diretrizes da NR 07. Realizamos exames como admiss\u00e3o, peri\u00f3dico, mudan\u00e7a de riscos ocupacionais, retorno ao trabalho e demissional, garantindo a sa\u00fade e seguran\u00e7a dos trabalhadores. Al\u00e9m disso, oferecemos uma variedade de exames complementares, incluindo audiometria Romberg, exames laboratoriais, raio X, espirometria, eletrocardiograma, eletroencefalograma, avalia\u00e7\u00f5es psicossociais, avalia\u00e7\u00e3o cl\u00ednica, entre outros. Nossa equipe altamente qualificada e equipamentos modernos garantem resultados precisos e confi\u00e1veis, proporcionando uma an\u00e1lise completa da sa\u00fade ocupacional dos indiv\u00edduos.<\/span><\/strong><\/p><h2 style=\"font-size: 1.76471rem; font-style: normal; margin-bottom: 0px; color: #006f17;\" data-elementor-setting-key=\"title\" data-pen-placeholder=\"Digite aqui...\">\u00a0<\/h2>\t\t\t\t\t\t\t\t<\/div>\n\t\t\t\t<\/div>\n\t\t\t\t\t<\/div>\n\t\t<\/div>\n\t\t\t\t<div class=\"elementor-column elementor-col-50 elementor-top-column elementor-element elementor-element-a3363cb\" data-id=\"a3363cb\" data-element_type=\"column\">\n\t\t\t<div class=\"elementor-widget-wrap elementor-element-populated\">\n\t\t\t\t\t\t<div class=\"elementor-element elementor-element-1d71f2a elementor-absolute elementor-widget elementor-widget-image\" data-id=\"1d71f2a\" data-element_type=\"widget\" data-settings=\"{&quot;_position&quot;:&quot;absolute&quot;}\" data-widget_type=\"image.default\">\n\t\t\t\t<div class=\"elementor-widget-container\">\n\t\t\t\t\t\t\t\t\t\t\t\t\t\t\t<img fetchpriority=\"high\" decoding=\"async\" width=\"819\" height=\"1024\" src=\"https:\/\/clinicaslbc.com.br\/wp-content\/uploads\/2024\/05\/Sem-Titulo-1-1-819x1024.png\" class=\"attachment-large size-large wp-image-1823\" alt=\"\" srcset=\"https:\/\/clinicaslbc.com.br\/wp-content\/uploads\/2024\/05\/Sem-Titulo-1-1-819x1024.png 819w, https:\/\/clinicaslbc.com.br\/wp-content\/uploads\/2024\/05\/Sem-Titulo-1-1-240x300.png 240w, https:\/\/clinicaslbc.com.br\/wp-content\/uploads\/2024\/05\/Sem-Titulo-1-1-768x960.png 768w, https:\/\/clinicaslbc.com.br\/wp-content\/uploads\/2024\/05\/Sem-Titulo-1-1.png 1080w\" sizes=\"(max-width: 819px) 100vw, 819px\" \/>\t\t\t\t\t\t\t\t\t\t\t\t\t\t\t<\/div>\n\t\t\t\t<\/div>\n\t\t\t\t\t<\/div>\n\t\t<\/div>\n\t\t\t\t\t<\/div>\n\t\t<\/section>\n\t\t\t\t<section class=\"elementor-section elementor-top-section elementor-element elementor-element-8832a8d elementor-section-boxed elementor-section-height-default elementor-section-height-default\" data-id=\"8832a8d\" data-element_type=\"section\">\n\t\t\t\t\t\t<div class=\"elementor-container elementor-column-gap-default\">\n\t\t\t\t\t<div class=\"elementor-column elementor-col-50 elementor-top-column elementor-element elementor-element-56423b3\" data-id=\"56423b3\" data-element_type=\"column\">\n\t\t\t<div class=\"elementor-widget-wrap elementor-element-populated\">\n\t\t\t\t\t\t<div class=\"elementor-element elementor-element-84132fd elementor-widget elementor-widget-image\" data-id=\"84132fd\" data-element_type=\"widget\" data-widget_type=\"image.default\">\n\t\t\t\t<div class=\"elementor-widget-container\">\n\t\t\t\t\t\t\t\t\t\t\t\t\t\t\t<img decoding=\"async\" width=\"2048\" height=\"1365\" src=\"https:\/\/clinicaslbc.com.br\/wp-content\/uploads\/2024\/05\/01-Iphone-15-Pro-Mockup-With-White-Rock-2048x1365.png\" class=\"attachment-2048x2048 size-2048x2048 wp-image-1820\" alt=\"\" srcset=\"https:\/\/clinicaslbc.com.br\/wp-content\/uploads\/2024\/05\/01-Iphone-15-Pro-Mockup-With-White-Rock-2048x1365.png 2048w, https:\/\/clinicaslbc.com.br\/wp-content\/uploads\/2024\/05\/01-Iphone-15-Pro-Mockup-With-White-Rock-300x200.png 300w, https:\/\/clinicaslbc.com.br\/wp-content\/uploads\/2024\/05\/01-Iphone-15-Pro-Mockup-With-White-Rock-1024x683.png 1024w, https:\/\/clinicaslbc.com.br\/wp-content\/uploads\/2024\/05\/01-Iphone-15-Pro-Mockup-With-White-Rock-768x512.png 768w, https:\/\/clinicaslbc.com.br\/wp-content\/uploads\/2024\/05\/01-Iphone-15-Pro-Mockup-With-White-Rock-1536x1024.png 1536w\" sizes=\"(max-width: 2048px) 100vw, 2048px\" \/>\t\t\t\t\t\t\t\t\t\t\t\t\t\t\t<\/div>\n\t\t\t\t<\/div>\n\t\t\t\t\t<\/div>\n\t\t<\/div>\n\t\t\t\t<div class=\"elementor-column elementor-col-50 elementor-top-column elementor-element elementor-element-e6b72b6\" data-id=\"e6b72b6\" data-element_type=\"column\">\n\t\t\t<div class=\"elementor-widget-wrap elementor-element-populated\">\n\t\t\t\t\t\t<div class=\"elementor-element elementor-element-e50968d elementor-widget elementor-widget-text-editor\" data-id=\"e50968d\" data-element_type=\"widget\" data-widget_type=\"text-editor.default\">\n\t\t\t\t<div class=\"elementor-widget-container\">\n\t\t\t\t\t\t\t\t\t<h2 style=\"font-size: 1.76471rem; font-style: normal; margin-bottom: 0px; color: #006f17;\" data-elementor-setting-key=\"title\" data-pen-placeholder=\"Digite aqui...\">\u00a0<\/h2><h2 style=\"font-size: 1.76471rem; font-style: normal; margin-bottom: 0px; color: #006f17;\" data-elementor-setting-key=\"title\" data-pen-placeholder=\"Digite aqui...\">eSocial<\/h2><p style=\"font-size: 17px; font-style: normal; font-weight: 400;\"><span style=\"font-weight: bold;\"><span style=\"font-size: 13pt; line-height: 18.5467px; font-family: Karla; color: black; background-image: initial; background-position: initial; background-size: initial; background-repeat: initial; background-attachment: initial; background-origin: initial; background-clip: initial;\">\u00a0<\/span><\/span><\/p><p><strong><span style=\"font-size: 11.5pt; line-height: 107%; font-family: Karla; color: black; background-image: initial; background-position: initial; background-size: initial; background-repeat: initial; background-attachment: initial; background-origin: initial; background-clip: initial;\">A Cl\u00ednica S\u00e3o Lucas est\u00e1 totalmente preparada para atender \u00e0s exig\u00eancias do eSocial, um sistema que busca unificar as informa\u00e7\u00f5es trabalhistas, previdenci\u00e1rias e fiscais dos colaboradores. Compreendemos a import\u00e2ncia desse sistema para as empresas e oferecemos suporte completo em rela\u00e7\u00e3o aos exames ocupacionais e documenta\u00e7\u00e3o necess\u00e1ria. Nossa equipe est\u00e1 atualizada com as mudan\u00e7as e requisitos do eSocial, garantindo o correto envio das informa\u00e7\u00f5es e evitando multas e penalidades. Al\u00e9m disso, fornecemos todo o suporte t\u00e9cnico e orienta\u00e7\u00e3o necess\u00e1ria para que as empresas possam se adaptar e cumprir com efici\u00eancia todas as obriga\u00e7\u00f5es estabelecidas pelo eSocial. Na Cl\u00ednica S\u00e3o Lucas, nossa prioridade \u00e9 facilitar o processo de conformidade com o eSocial, proporcionando tranquilidade e seguran\u00e7a para nossos clientes.<\/span><\/strong><\/p><h2 style=\"font-size: 1.76471rem; font-style: normal; margin-bottom: 0px; color: #006f17;\" data-elementor-setting-key=\"title\" data-pen-placeholder=\"Digite aqui...\">\u00a0<\/h2>\t\t\t\t\t\t\t\t<\/div>\n\t\t\t\t<\/div>\n\t\t\t\t\t<\/div>\n\t\t<\/div>\n\t\t\t\t\t<\/div>\n\t\t<\/section>\n\t\t\t\t<section class=\"elementor-section elementor-top-section elementor-element elementor-element-27b933b elementor-section-boxed elementor-section-height-default elementor-section-height-default\" data-id=\"27b933b\" data-element_type=\"section\">\n\t\t\t\t\t\t<div class=\"elementor-container elementor-column-gap-default\">\n\t\t\t\t\t<div class=\"elementor-column elementor-col-50 elementor-top-column elementor-element elementor-element-2608829\" data-id=\"2608829\" data-element_type=\"column\">\n\t\t\t<div class=\"elementor-widget-wrap elementor-element-populated\">\n\t\t\t\t\t\t<div class=\"elementor-element elementor-element-802f983 elementor-widget elementor-widget-text-editor\" data-id=\"802f983\" data-element_type=\"widget\" data-widget_type=\"text-editor.default\">\n\t\t\t\t<div class=\"elementor-widget-container\">\n\t\t\t\t\t\t\t\t\t<h2 style=\"font-size: 1.76471rem; font-style: normal; margin-bottom: 0px; color: #006f17;\" data-elementor-setting-key=\"title\" data-pen-placeholder=\"Digite aqui...\">\u00a0<\/h2><h2 style=\"font-size: 1.76471rem; font-style: normal; margin-bottom: 0px; color: #006f17;\" data-elementor-setting-key=\"title\" data-pen-placeholder=\"Digite aqui...\">Seguran\u00e7a Do Trabalho<\/h2><p style=\"font-size: 17px; font-style: normal; font-weight: 400;\"><span style=\"font-weight: bold;\"><span style=\"font-size: 13pt; line-height: 18.5467px; font-family: Karla; color: black; background-image: initial; background-position: initial; background-size: initial; background-repeat: initial; background-attachment: initial; background-origin: initial; background-clip: initial;\">\u00a0<\/span><\/span><\/p><p class=\"MsoNormal\"><strong><span style=\"font-size: 13pt; line-height: 107%; font-family: Karla; color: black; background-image: initial; background-position: initial; background-size: initial; background-repeat: initial; background-attachment: initial; background-origin: initial; background-clip: initial;\">Especializada na elabora\u00e7\u00e3o e gerenciamento de programas de seguran\u00e7a, seguindo rigorosamente as normas estabelecidas, como PGR, PCMSO, PGRSS, PPP, LTCAT, AET e AEP. Realizamos avalia\u00e7\u00f5es ambientais minuciosas, identificando e analisando os agentes de risco presentes no ambiente de trabalho, em conformidade com as legisla\u00e7\u00f5es vigentes. Al\u00e9m disso, oferecemos treinamentos online e presenciais,palestras personalizados em diversas \u00e1reas, atendendo \u00e0s necessidades espec\u00edficas de nossos clientes e cumprindo todas as exig\u00eancias legais. Nosso objetivo \u00e9 garantir um ambiente de trabalho seguro, saud\u00e1vel e em total conformidade com as normas de seguran\u00e7a.<\/span><\/strong><\/p>\t\t\t\t\t\t\t\t<\/div>\n\t\t\t\t<\/div>\n\t\t\t\t\t<\/div>\n\t\t<\/div>\n\t\t\t\t<div class=\"elementor-column elementor-col-50 elementor-top-column elementor-element elementor-element-1fd6526\" data-id=\"1fd6526\" data-element_type=\"column\">\n\t\t\t<div class=\"elementor-widget-wrap elementor-element-populated\">\n\t\t\t\t\t\t<div class=\"elementor-element elementor-element-c26cd17 elementor-widget elementor-widget-image\" data-id=\"c26cd17\" data-element_type=\"widget\" data-widget_type=\"image.default\">\n\t\t\t\t<div class=\"elementor-widget-container\">\n\t\t\t\t\t\t\t\t\t\t\t\t\t\t\t<img decoding=\"async\" width=\"819\" height=\"1024\" src=\"https:\/\/clinicaslbc.com.br\/wp-content\/uploads\/2024\/05\/Sem-Titulo-2-819x1024.gif\" class=\"attachment-large size-large wp-image-1810\" alt=\"\" srcset=\"https:\/\/clinicaslbc.com.br\/wp-content\/uploads\/2024\/05\/Sem-Titulo-2-819x1024.gif 819w, https:\/\/clinicaslbc.com.br\/wp-content\/uploads\/2024\/05\/Sem-Titulo-2-240x300.gif 240w, https:\/\/clinicaslbc.com.br\/wp-content\/uploads\/2024\/05\/Sem-Titulo-2-768x960.gif 768w\" sizes=\"(max-width: 819px) 100vw, 819px\" \/>\t\t\t\t\t\t\t\t\t\t\t\t\t\t\t<\/div>\n\t\t\t\t<\/div>\n\t\t\t\t\t<\/div>\n\t\t<\/div>\n\t\t\t\t\t<\/div>\n\t\t<\/section>\n\t\t\t\t<section class=\"elementor-section elementor-top-section elementor-element elementor-element-13084f5 elementor-section-boxed elementor-section-height-default elementor-section-height-default\" data-id=\"13084f5\" data-element_type=\"section\">\n\t\t\t\t\t\t<div class=\"elementor-container elementor-column-gap-default\">\n\t\t\t\t\t<div class=\"elementor-column elementor-col-100 elementor-top-column elementor-element elementor-element-191dbb5\" data-id=\"191dbb5\" data-element_type=\"column\">\n\t\t\t<div class=\"elementor-widget-wrap\">\n\t\t\t\t\t\t\t<\/div>\n\t\t<\/div>\n\t\t\t\t\t<\/div>\n\t\t<\/section>\n\t\t\t\t<\/div>\n\t\t","protected":false},"excerpt":{"rendered":"<p>Nossos Servi\u00e7os \u00a0 \u00a0 Medicina Ocupacional \u00a0 A Cl\u00ednica S\u00e3o Lucas oferece uma ampla gama de exames ocupacionais em conformidade com a legisla\u00e7\u00e3o vigente, seguindo as diretrizes da NR 07. Realizamos exames como admiss\u00e3o, peri\u00f3dico, mudan\u00e7a de riscos ocupacionais, retorno ao trabalho e demissional, garantindo a sa\u00fade e seguran\u00e7a dos trabalhadores. Al\u00e9m disso, oferecemos uma &hellip;<\/p>\n<p class=\"read-more\"> <a class=\"\" href=\"https:\/\/clinicaslbc.com.br\/index.php\/servicos\/\"> <span class=\"screen-reader-text\">Servi\u00e7os<\/span> Leia mais &raquo;<\/a><\/p>\n","protected":false},"author":1,"featured_media":0,"parent":0,"menu_order":0,"comment_status":"closed","ping_status":"closed","template":"","meta":{"site-sidebar-layout":"no-sidebar","site-content-layout":"page-builder","ast-global-header-display":"","ast-banner-title-visibility":"","ast-main-header-display":"","ast-hfb-above-header-display":"","ast-hfb-below-header-display":"","ast-hfb-mobile-header-display":"","site-post-title":"disabled","ast-breadcrumbs-content":"","ast-featured-img":"disabled","footer-sml-layout":"","theme-transparent-header-meta":"enabled","adv-header-id-meta":"","stick-header-meta":"","header-above-stick-meta":"","header-main-stick-meta":"","header-below-stick-meta":"","footnotes":""},"_links":{"self":[{"href":"https:\/\/clinicaslbc.com.br\/index.php\/wp-json\/wp\/v2\/pages\/1320"}],"collection":[{"href":"https:\/\/clinicaslbc.com.br\/index.php\/wp-json\/wp\/v2\/pages"}],"about":[{"href":"https:\/\/clinicaslbc.com.br\/index.php\/wp-json\/wp\/v2\/types\/page"}],"author":[{"embeddable":true,"href":"https:\/\/clinicaslbc.com.br\/index.php\/wp-json\/wp\/v2\/users\/1"}],"replies":[{"embeddable":true,"href":"https:\/\/clinicaslbc.com.br\/index.php\/wp-json\/wp\/v2\/comments?post=1320"}],"version-history":[{"count":86,"href":"https:\/\/clinicaslbc.com.br\/index.php\/wp-json\/wp\/v2\/pages\/1320\/revisions"}],"predecessor-version":[{"id":1874,"href":"https:\/\/clinicaslbc.com.br\/index.php\/wp-json\/wp\/v2\/pages\/1320\/revisions\/1874"}],"wp:attachment":[{"href":"https:\/\/clinicaslbc.com.br\/index.php\/wp-json\/wp\/v2\/media?parent=1320"}],"curies":[{"name":"wp","href":"https:\/\/api.w.org\/{rel}","templated":true}]}}